{"id":60,"date":"2025-04-07T10:46:28","date_gmt":"2025-04-07T08:46:28","guid":{"rendered":"https:\/\/lio-liricaitalianaorigini.it\/lio?page_id=60"},"modified":"2026-01-28T08:42:29","modified_gmt":"2026-01-28T07:42:29","slug":"archivio-digitale","status":"publish","type":"page","link":"https:\/\/lio-liricaitalianaorigini.it\/index.php\/archivio-digitale\/","title":{"rendered":"Archivio digitale"},"content":{"rendered":"\n<div style=\"height:100px\" aria-hidden=\"true\" class=\"wp-block-spacer\"><\/div>\n\n\n\n<h2 class=\"wp-block-heading\"><strong>Archivio digitale<\/strong><\/h2>\n\n\n\n<div style=\"height:40px\" aria-hidden=\"true\" class=\"wp-block-spacer\"><\/div>\n\n\n\n<div class=\"wp-block-buttons is-content-justification-center is-layout-flex wp-container-core-buttons-is-layout-a89b3969 wp-block-buttons-is-layout-flex\">\n<div class=\"wp-block-button\"><a class=\"wp-block-button__link wp-element-button\" href=\"https:\/\/www.mirabileweb.it\/romanzo\/lio\" target=\"_blank\" rel=\"noreferrer noopener\">Accedi al database LIO<\/a><\/div>\n<\/div>\n\n\n\n<div style=\"height:40px\" aria-hidden=\"true\" class=\"wp-block-spacer\"><\/div>\n\n\n\n<p><strong>Che cos\u2019\u00e8 LIO<\/strong><\/p>\n\n\n\n<p>LIO \u00abLirica Italiana delle Origini. Repertorio della tradizione poetica italiana dai Siciliani a Petrarca\u00bb \u00e8 un catalogo implementabile costituito da Schede Autore, Opera e Manoscritto. A ogni Scheda Manoscritto sono inoltre associate le cosiddette Schede Spoglio che, agganciate alle schede Opera, registrano le informazioni sui testi come si presentano in ciascuna testimonianza manoscritta. Le Schede Autore, Opera, Manoscritto e le Schede Spoglio sono interconnesse in maniera tale che l\u2019utente possa passare dall\u2019una all\u2019altra.<\/p>\n\n\n\n<p><strong>L\u2019archivio integrato<\/strong><\/p>\n\n\n\n<p>L\u2019inserimento di LIO in un Archivio integrato fa s\u00ec che i suoi dati interagiscano con quelli di altri progetti ospitati sulla piattaforma <em>Mirabile <\/em><a href=\"https:\/\/www.mirabileweb.it\/home\" target=\"_blank\" rel=\"noreferrer noopener\">\u00abArchivio digitale della cultura medievale \u2013 Digital Archives for Medieval Culture\u00bb<\/a> all\u2019interno del portale <a href=\"https:\/\/www.mirabileweb.it\/romanzo\" target=\"_blank\" rel=\"noreferrer noopener\">Romanzo<\/a> , permettendo cos\u00ec ricerche incrociate e condivisione delle conoscenze. Il grado maggiore di interazione si ha con <a href=\"https:\/\/www.europeanarsnova.eu\/it\/\" target=\"_blank\" rel=\"noreferrer noopener\">ARSNOVA <\/a>, <a href=\"https:\/\/www.mirabileweb.it\/content\/repertorio_traliro\" target=\"_blank\" rel=\"noreferrer noopener\">TRALIRO<\/a> e <a href=\"http:\/\/rdp.ovi.cnr.it\/\" target=\"_blank\" rel=\"noreferrer noopener\">RDP<\/a>.<\/p>\n\n\n\n<p>All\u2019interno di LIO l\u2019utente trover\u00e0 schede di propriet\u00e0 LIO e schede di interesse LIO, ovvero create ed elaborate all\u2019interno di un altro progetto, ma in qualche misura legate al nostro repertorio. Ci\u00f2 pu\u00f2 comportare anche che su una sola scheda siano intervenuti pi\u00f9 redattori afferenti a diversi progetti, per esempio aggiungendo dati alla scheda o aggiornandone alcuni campi. Nei casi in cui la responsabilit\u00e0 scientifica \u00e8 condivisa, la scheda risulta di propriet\u00e0 del progetto creatore e del primo redattore, e le integrazioni sono firmate dal successivo redattore.<\/p>\n\n\n\n<p><strong>Come si consulta LIO<\/strong><\/p>\n\n\n\n<p>LIO permette di operare varie tipologie di ricerca, semplice o combinata, a partire dai dati relativi a ognuna delle tre sezioni. L\u2019utente pu\u00f2 ricercare un Autore (inserendone il nome), un Manoscritto (inserendone la segnatura) oppure un Testo (inserendone l\u2019incipit) e avere cos\u00ec accesso alle rispettive schede.<\/p>\n\n\n\n<figure class=\"wp-block-video\"><video height=\"792\" style=\"aspect-ratio: 1234 \/ 792;\" width=\"1234\" controls src=\"https:\/\/lio-liricaitalianaorigini.it\/lio\/wp-content\/uploads\/2025\/07\/1_Scheda_manoscritto_Compresso.mp4\"><\/video><\/figure>\n\n\n\n<p>All\u2019interno dell\u2019archivio l\u2019utente pu\u00f2 svolgere anche ricerche pi\u00f9 complesse, combinando specifici filtri e dati diversi. Per esempio, all\u2019interno della sezione Autori, nella sottosezione <em>Dati sull\u2019autore<\/em>, l\u2019utente pu\u00f2 attivare uno specifico filtro relativo alla cronologia e inserire una precisa forbice temporale (es. 1300-1321); ma pu\u00f2 anche combinare ulteriori filtri, agendo ad esempio sulla sezione Testi, selezionando nella sottosezione <em>Dati metrici e prosodici<\/em> il genere metrico (scegliendo dall\u2019apposita tendina il genere <em>sonetto<\/em>); nella sezione Manoscritti l\u2019utente pu\u00f2 poi limitare la propria ricerca ai testimoni con la specifica datazione che interessa, cliccando su <em>Datazione e localizzazione <\/em>e inserendo la cronologia (es. 1400-1500). I risultati ottenuti, generati dalla combinazione di pi\u00f9 filtri relativi alle tre sezioni principali del database, sono organizzati per sezione (Autori, Testi, Manoscritti), e i dati sono restituiti in ordine alfabetico.<\/p>\n\n\n\n<p>A questo punto l\u2019utente pu\u00f2 navigare all\u2019interno delle schede organizzate per sezione, ma anche muoversi tra una sezione e l\u2019altra. Partendo dalla sezione Autori, l\u2019utente pu\u00f2 consultare la scheda Autore del primo risultato ottenuto, Alesso di Guido&nbsp;Donati,pu\u00f2 visualizzarne tutte le opere a lui assegnate, ma anche selezionare un\u2019opera in particolare, ad esempio <em>Accese montanine, che portate<\/em>. L\u2019incipit in rosso, \u00e8 un link: cliccandoci sopra si apre il cosiddetto \u201cspoglio\u201d, grazie al quale l\u2019utente pu\u00f2 risalire ai dati relativi a quel testo in ogni sua attestazione manoscritta. A questo punto pu\u00f2 cliccare sull\u2019incipit del testo in azzurro, e passare cos\u00ec alla Scheda Opera relativa a quel componimento, o cliccare sulla segnatura del ms. Firenze, Biblioteca Nazionale Centrale, Magl. VII.624, unico testimone del testo, e avere cos\u00ec accesso alla Scheda Manoscritto. Poniamo che l\u2019utente decida di visualizzare la Scheda Opera di<em> Accese montanine, che portate<\/em>: in coda ai dati relativi al testo, trover\u00e0 la segnatura del manoscritto: gli baster\u00e0 cliccare sul link in rosso per avere accesso nuovamente allo spoglio, sul link in azzurro per passare alla visualizzazione della scheda Manoscritto di quel preciso testimone. Una volta all\u2019interno della scheda Manoscritto, potr\u00e0 scorrere l\u2019elenco dei componimenti attestati in quel preciso manoscritto, cliccare sul link in rosso <em>Accese montanine, che portate<\/em> per avere accesso alla scheda Spoglio, cliccare sull\u2019autore (per passare alla scheda Autore) o sull\u2019incipit (per passare alla scheda Opera).<\/p>\n\n\n\n<figure class=\"wp-block-video\"><video height=\"1080\" style=\"aspect-ratio: 1536 \/ 1080;\" width=\"1536\" controls src=\"https:\/\/lio-liricaitalianaorigini.it\/lio\/wp-content\/uploads\/2025\/07\/2_Ricerca_complessa_LIO_2_Compresso.mp4\"><\/video><\/figure>\n\n\n\n<div style=\"height:40px\" aria-hidden=\"true\" class=\"wp-block-spacer\"><\/div>\n\n\n\n<div class=\"wp-block-buttons is-content-justification-center is-layout-flex wp-container-core-buttons-is-layout-a89b3969 wp-block-buttons-is-layout-flex\">\n<div class=\"wp-block-button\"><a class=\"wp-block-button__link wp-element-button\" href=\"https:\/\/www.mirabileweb.it\/romanzo\/lio\" target=\"_blank\" rel=\"noreferrer noopener\">Accedi al database LIO<\/a><\/div>\n<\/div>\n\n\n\n<div style=\"height:100px\" aria-hidden=\"true\" class=\"wp-block-spacer hideonSmartphone\"><\/div>\n\n\n\n<p><\/p>\n","protected":false},"excerpt":{"rendered":"<p>Archivio digitale Che cos\u2019\u00e8 LIO LIO \u00abLirica Italiana delle Origini. Repertorio della tradizione poetica italiana dai Siciliani a Petrarca\u00bb \u00e8 un catalogo implementabile costituito da Schede Autore, Opera e Manoscritto. A ogni Scheda Manoscritto sono inoltre associate le cosiddette Schede Spoglio che, agganciate alle schede Opera, registrano le informazioni sui testi come si presentano in [&hellip;]<\/p>\n","protected":false},"author":1,"featured_media":0,"parent":0,"menu_order":0,"comment_status":"closed","ping_status":"closed","template":"page-templates\/contained-no-title.php","meta":{"footnotes":""},"class_list":["post-60","page","type-page","status-publish","hentry"],"yoast_head":"<!-- This site is optimized with the Yoast SEO plugin v27.2 - https:\/\/yoast.com\/product\/yoast-seo-wordpress\/ -->\n<title>Archivio digitale - LIO \u2013 Lirica Italiana delle Origini<\/title>\n<meta name=\"description\" content=\"L\u2019archivio digitale LIO \u00e8 organizzato in tre sezioni principali: Autori, Opere e Manoscritti. Le tre sezioni sono interconnesse e la maschera di ricerca permette di incrociare dati relativi alla tradizione testuale.\" \/>\n<meta name=\"robots\" content=\"index, follow, max-snippet:-1, max-image-preview:large, max-video-preview:-1\" \/>\n<link rel=\"canonical\" href=\"https:\/\/lio-liricaitalianaorigini.it\/index.php\/archivio-digitale\/\" \/>\n<meta property=\"og:locale\" content=\"it_IT\" \/>\n<meta property=\"og:type\" content=\"article\" \/>\n<meta property=\"og:title\" content=\"Archivio digitale - LIO \u2013 Lirica Italiana delle Origini\" \/>\n<meta property=\"og:description\" content=\"L\u2019archivio digitale LIO \u00e8 organizzato in tre sezioni principali: Autori, Opere e Manoscritti. Le tre sezioni sono interconnesse e la maschera di ricerca permette di incrociare dati relativi alla tradizione testuale.\" \/>\n<meta property=\"og:url\" content=\"https:\/\/lio-liricaitalianaorigini.it\/index.php\/archivio-digitale\/\" \/>\n<meta property=\"og:site_name\" content=\"LIO \u2013 Lirica Italiana delle Origini\" \/>\n<meta property=\"article:modified_time\" content=\"2026-01-28T07:42:29+00:00\" \/>\n<meta name=\"twitter:card\" content=\"summary_large_image\" \/>\n<meta name=\"twitter:label1\" content=\"Tempo di lettura stimato\" \/>\n\t<meta name=\"twitter:data1\" content=\"4 minuti\" \/>\n<script type=\"application\/ld+json\" class=\"yoast-schema-graph\">{\"@context\":\"https:\/\/schema.org\",\"@graph\":[{\"@type\":\"WebPage\",\"@id\":\"https:\/\/lio-liricaitalianaorigini.it\/index.php\/archivio-digitale\/\",\"url\":\"https:\/\/lio-liricaitalianaorigini.it\/index.php\/archivio-digitale\/\",\"name\":\"Archivio digitale - LIO \u2013 Lirica Italiana delle Origini\",\"isPartOf\":{\"@id\":\"https:\/\/lio-liricaitalianaorigini.it\/#website\"},\"datePublished\":\"2025-04-07T08:46:28+00:00\",\"dateModified\":\"2026-01-28T07:42:29+00:00\",\"description\":\"L\u2019archivio digitale LIO \u00e8 organizzato in tre sezioni principali: Autori, Opere e Manoscritti. Le tre sezioni sono interconnesse e la maschera di ricerca permette di incrociare dati relativi alla tradizione testuale.\",\"breadcrumb\":{\"@id\":\"https:\/\/lio-liricaitalianaorigini.it\/index.php\/archivio-digitale\/#breadcrumb\"},\"inLanguage\":\"it-IT\",\"potentialAction\":[{\"@type\":\"ReadAction\",\"target\":[\"https:\/\/lio-liricaitalianaorigini.it\/index.php\/archivio-digitale\/\"]}]},{\"@type\":\"BreadcrumbList\",\"@id\":\"https:\/\/lio-liricaitalianaorigini.it\/index.php\/archivio-digitale\/#breadcrumb\",\"itemListElement\":[{\"@type\":\"ListItem\",\"position\":1,\"name\":\"Home\",\"item\":\"https:\/\/lio-liricaitalianaorigini.it\/\"},{\"@type\":\"ListItem\",\"position\":2,\"name\":\"Archivio digitale\"}]},{\"@type\":\"WebSite\",\"@id\":\"https:\/\/lio-liricaitalianaorigini.it\/#website\",\"url\":\"https:\/\/lio-liricaitalianaorigini.it\/\",\"name\":\"LIO \u2013 Lirica Italiana delle Origini\",\"description\":\"\",\"publisher\":{\"@id\":\"https:\/\/lio-liricaitalianaorigini.it\/#organization\"},\"potentialAction\":[{\"@type\":\"SearchAction\",\"target\":{\"@type\":\"EntryPoint\",\"urlTemplate\":\"https:\/\/lio-liricaitalianaorigini.it\/?s={search_term_string}\"},\"query-input\":{\"@type\":\"PropertyValueSpecification\",\"valueRequired\":true,\"valueName\":\"search_term_string\"}}],\"inLanguage\":\"it-IT\"},{\"@type\":\"Organization\",\"@id\":\"https:\/\/lio-liricaitalianaorigini.it\/#organization\",\"name\":\"LIO \u2013 Lirica Italiana delle Origini\",\"url\":\"https:\/\/lio-liricaitalianaorigini.it\/\",\"logo\":{\"@type\":\"ImageObject\",\"inLanguage\":\"it-IT\",\"@id\":\"https:\/\/lio-liricaitalianaorigini.it\/#\/schema\/logo\/image\/\",\"url\":\"https:\/\/lio-liricaitalianaorigini.it\/lio\/wp-content\/uploads\/2025\/04\/cropped-Logo_Lio_V4.png\",\"contentUrl\":\"https:\/\/lio-liricaitalianaorigini.it\/lio\/wp-content\/uploads\/2025\/04\/cropped-Logo_Lio_V4.png\",\"width\":1497,\"height\":824,\"caption\":\"LIO \u2013 Lirica Italiana delle Origini\"},\"image\":{\"@id\":\"https:\/\/lio-liricaitalianaorigini.it\/#\/schema\/logo\/image\/\"}}]}<\/script>\n<!-- \/ Yoast SEO plugin. -->","yoast_head_json":{"title":"Archivio digitale - LIO \u2013 Lirica Italiana delle Origini","description":"L\u2019archivio digitale LIO \u00e8 organizzato in tre sezioni principali: Autori, Opere e Manoscritti. Le tre sezioni sono interconnesse e la maschera di ricerca permette di incrociare dati relativi alla tradizione testuale.","robots":{"index":"index","follow":"follow","max-snippet":"max-snippet:-1","max-image-preview":"max-image-preview:large","max-video-preview":"max-video-preview:-1"},"canonical":"https:\/\/lio-liricaitalianaorigini.it\/index.php\/archivio-digitale\/","og_locale":"it_IT","og_type":"article","og_title":"Archivio digitale - LIO \u2013 Lirica Italiana delle Origini","og_description":"L\u2019archivio digitale LIO \u00e8 organizzato in tre sezioni principali: Autori, Opere e Manoscritti. Le tre sezioni sono interconnesse e la maschera di ricerca permette di incrociare dati relativi alla tradizione testuale.","og_url":"https:\/\/lio-liricaitalianaorigini.it\/index.php\/archivio-digitale\/","og_site_name":"LIO \u2013 Lirica Italiana delle Origini","article_modified_time":"2026-01-28T07:42:29+00:00","twitter_card":"summary_large_image","twitter_misc":{"Tempo di lettura stimato":"4 minuti"},"schema":{"@context":"https:\/\/schema.org","@graph":[{"@type":"WebPage","@id":"https:\/\/lio-liricaitalianaorigini.it\/index.php\/archivio-digitale\/","url":"https:\/\/lio-liricaitalianaorigini.it\/index.php\/archivio-digitale\/","name":"Archivio digitale - LIO \u2013 Lirica Italiana delle Origini","isPartOf":{"@id":"https:\/\/lio-liricaitalianaorigini.it\/#website"},"datePublished":"2025-04-07T08:46:28+00:00","dateModified":"2026-01-28T07:42:29+00:00","description":"L\u2019archivio digitale LIO \u00e8 organizzato in tre sezioni principali: Autori, Opere e Manoscritti. Le tre sezioni sono interconnesse e la maschera di ricerca permette di incrociare dati relativi alla tradizione testuale.","breadcrumb":{"@id":"https:\/\/lio-liricaitalianaorigini.it\/index.php\/archivio-digitale\/#breadcrumb"},"inLanguage":"it-IT","potentialAction":[{"@type":"ReadAction","target":["https:\/\/lio-liricaitalianaorigini.it\/index.php\/archivio-digitale\/"]}]},{"@type":"BreadcrumbList","@id":"https:\/\/lio-liricaitalianaorigini.it\/index.php\/archivio-digitale\/#breadcrumb","itemListElement":[{"@type":"ListItem","position":1,"name":"Home","item":"https:\/\/lio-liricaitalianaorigini.it\/"},{"@type":"ListItem","position":2,"name":"Archivio digitale"}]},{"@type":"WebSite","@id":"https:\/\/lio-liricaitalianaorigini.it\/#website","url":"https:\/\/lio-liricaitalianaorigini.it\/","name":"LIO \u2013 Lirica Italiana delle Origini","description":"","publisher":{"@id":"https:\/\/lio-liricaitalianaorigini.it\/#organization"},"potentialAction":[{"@type":"SearchAction","target":{"@type":"EntryPoint","urlTemplate":"https:\/\/lio-liricaitalianaorigini.it\/?s={search_term_string}"},"query-input":{"@type":"PropertyValueSpecification","valueRequired":true,"valueName":"search_term_string"}}],"inLanguage":"it-IT"},{"@type":"Organization","@id":"https:\/\/lio-liricaitalianaorigini.it\/#organization","name":"LIO \u2013 Lirica Italiana delle Origini","url":"https:\/\/lio-liricaitalianaorigini.it\/","logo":{"@type":"ImageObject","inLanguage":"it-IT","@id":"https:\/\/lio-liricaitalianaorigini.it\/#\/schema\/logo\/image\/","url":"https:\/\/lio-liricaitalianaorigini.it\/lio\/wp-content\/uploads\/2025\/04\/cropped-Logo_Lio_V4.png","contentUrl":"https:\/\/lio-liricaitalianaorigini.it\/lio\/wp-content\/uploads\/2025\/04\/cropped-Logo_Lio_V4.png","width":1497,"height":824,"caption":"LIO \u2013 Lirica Italiana delle Origini"},"image":{"@id":"https:\/\/lio-liricaitalianaorigini.it\/#\/schema\/logo\/image\/"}}]}},"_links":{"self":[{"href":"https:\/\/lio-liricaitalianaorigini.it\/index.php\/wp-json\/wp\/v2\/pages\/60","targetHints":{"allow":["GET"]}}],"collection":[{"href":"https:\/\/lio-liricaitalianaorigini.it\/index.php\/wp-json\/wp\/v2\/pages"}],"about":[{"href":"https:\/\/lio-liricaitalianaorigini.it\/index.php\/wp-json\/wp\/v2\/types\/page"}],"author":[{"embeddable":true,"href":"https:\/\/lio-liricaitalianaorigini.it\/index.php\/wp-json\/wp\/v2\/users\/1"}],"replies":[{"embeddable":true,"href":"https:\/\/lio-liricaitalianaorigini.it\/index.php\/wp-json\/wp\/v2\/comments?post=60"}],"version-history":[{"count":17,"href":"https:\/\/lio-liricaitalianaorigini.it\/index.php\/wp-json\/wp\/v2\/pages\/60\/revisions"}],"predecessor-version":[{"id":348,"href":"https:\/\/lio-liricaitalianaorigini.it\/index.php\/wp-json\/wp\/v2\/pages\/60\/revisions\/348"}],"wp:attachment":[{"href":"https:\/\/lio-liricaitalianaorigini.it\/index.php\/wp-json\/wp\/v2\/media?parent=60"}],"curies":[{"name":"wp","href":"https:\/\/api.w.org\/{rel}","templated":true}]}} 