{"id":58,"date":"2025-04-07T10:46:10","date_gmt":"2025-04-07T08:46:10","guid":{"rendered":"https:\/\/lio-liricaitalianaorigini.it\/lio?page_id=58"},"modified":"2025-10-16T14:10:07","modified_gmt":"2025-10-16T12:10:07","slug":"persone","status":"publish","type":"page","link":"https:\/\/lio-liricaitalianaorigini.it\/index.php\/persone\/","title":{"rendered":"Persone"},"content":{"rendered":"\n<div style=\"height:100px\" aria-hidden=\"true\" class=\"wp-block-spacer\"><\/div>\n\n\n\n<h2 class=\"wp-block-heading\"><strong><strong>Redazione<\/strong><\/strong><\/h2>\n\n\n\n<p class=\"has-text-align-center\"><strong>Direttore: Lino Leonardi<\/strong><\/p>\n\n\n\n<p>Lino Leonardi, formatosi a Firenze e a Padova, insegna Filologia romanza e italiana alla Scuola Normale Superiore di Pisa, dopo aver insegnato a Firenze, Pescara e Siena. Dal 2014 al 2018 ha diretto l\u2019Istituto CNR Opera del Vocabolario Italiano. Accademico della Crusca, \u00e8 direttore della Fondazione Ezio Franceschini. Si occupa soprattutto di lirica italiana antica, di romanzi arturiani, di agiografia e traduzioni della Bibbia, di filologia digitale, di storia della filologia.<\/p>\n\n\n\n<p class=\"has-text-align-center\"><strong>Coordinatrice: Irene Tani<\/strong><\/p>\n\n\n\n<p>Irene Tani \u00e8 ricercatrice presso l\u2019Universit\u00e0 degli Studi di Siena. \u00c8 stata assegnista di ricerca per la Fondazione Ezio Franceschini (2016-2017), per l\u2019Universit\u00e0 di Siena (2018-2019) e infine per la Scuola Normale Superiore di Pisa (2020-2024). Si occupa principalmente di lirica italiana dal Due al Cinquecento e ha curato le edizioni critiche delle Bucoliche di Jacopo Fiorino de\u2019 Buoninsegni e delle Rime di Bernardo Cappello. Dal 2023 fa parte della redazione della rivista \u00abL\u2019Alighieri\u00bb e della collana \u00abBiblioteca senese. Studi e testi\u00bb.<\/p>\n\n\n\n<div style=\"height:40px\" aria-hidden=\"true\" class=\"wp-block-spacer\"><\/div>\n\n\n\n<p><strong>Redazione centrale<\/strong><\/p>\n\n\n\n<p class=\"has-text-align-center\">Benedetta Aldinucci<\/p>\n\n\n\n<p>Benedetta Aldinucci \u00e8 ricercatrice presso l\u2019Universit\u00e0 per Stranieri di Siena. Si \u00e8 occupata di poesia del Tre- e del Quattrocento (di Giovanni Boccaccio, delle fonti italiane della poesia di Ausi\u00e0s March, delle rime apocrife di Dante, di Giuliano Perleoni detto Rustico Romano) e di autori novecenteschi (Nicola Lisi, Margherita Guidacci). Ha curato l\u2019edizione critica e il commento delle <em>Rime<\/em> di Pietro de\u2019 Faitinelli, di Jacopo Cecchi e del <em>Canzoniere<\/em> dell\u2019Anonimo di Wolfenb\u00fcttel (Dafnifilo).<\/p>\n\n\n\n<p class=\"has-text-align-center\">Vittoria Brancato<\/p>\n\n\n\n<p>Vittoria Brancato si \u00e8 laureata in Lettere moderne presso l&#8217;Universit\u00e0 degli Studi di Siena (2015), dove ha poi svolto un dottorato di ricerca in Filologia romanza (in co-tutela con l\u2019\u00c9cole Pratique des Hautes \u00c9tudes di Parigi). La tesi \u00e8 dedicata all&#8217;edizione critica e al commento delle \u201ccanzoni morali\u201d di Guittone d&#8217;Arezzo (2019). Dal 2019 al 2025 ha partecipato al progetto ERC&nbsp;<em>European Ars Nova&nbsp;<\/em>diretto da Maria Sofia Lannutti presso l&#8217;Universit\u00e0 di Firenze.&nbsp;La sua ricerca si \u00e8 concentrata anche sul volgarizzamento toscano trecentesco della&nbsp;<em>Legenda aurea<\/em>&nbsp;e sulla tradizione manoscritta dei&nbsp;<em>romans<\/em>&nbsp;di Chr\u00e9tien de Troyes.<\/p>\n\n\n\n<p class=\"has-text-align-center\">Anna Bettarini Bruni<\/p>\n\n\n\n<p>Anna Maria Bettarini si \u00e8 laureata presso l\u2019Universit\u00e0 degli Studi di Firenze con una tesi sulla tradizione manoscritta delle rime di Cecco Angiolieri, relatore Gianfranco Contini. Ha lavorato nell\u2019Ufficio filologico dell\u2019Accademia della Crusca sotto la direzione di Domenico De Robertis. Per decenni insegnante di ruolo di Italiano e Latino nei Licei fiorentini, ha vinto un comando presso il Centro di Filologia Italiana dell\u2019Accademia della Crusca. Ha studiato la letteratura minore del Duecento con particolare riguardo alla produzione senese e perugina. \u00c8 studiosa dei cantari e delle opere di Antonio Pucci. Ha lavorato su Boccaccio editore del Petrarca.<\/p>\n\n\n\n<p class=\"has-text-align-center\">Alessio Decaria<\/p>\n\n\n\n<p>Alessio Decaria \u00e8 professore associato di Filologia della letteratura italiana all\u2019Universit\u00e0 di Genova. Si \u00e8 formato all\u2019Universit\u00e0 di Firenze e ha poi lavorato presso gli atenei di Ginevra, Siena e Udine. \u00c8 autore di edizioni critiche e saggi filologici e critici su vari autori del medioevo e del Rinascimento italiano, tra cui Dante Alighieri, Angelo Poliziano, Luigi Pulci, Niccol\u00f2 Machiavelli. Fa parte del Comitato scientifico della Fondazione Ezio Franceschini, con cui collabora dal 2003.<\/p>\n\n\n\n<p class=\"has-text-align-center\">Giuseppe Marrani<\/p>\n\n\n\n<p>Giuseppe Marrani \u00e8 professore ordinario di Filologia della Letteratura Italiana presso l\u2019Universit\u00e0 per Stranieri di Siena. Si \u00e8 laureato a Firenze nel 1996 in Letteratura Italiana sotto la guida di D. De Robertis, e si \u00e8 addottorato poi nel 2002 in Filologia Dantesca con una tesi dedicata all\u2019epigonismo dantesco nel sec. XIV. Si occupa della tradizione poetica italiana (lirica e comico-giocosa) dei primi secoli, e di letteratura novecentesca. Ha curato un\u2019edizione critica commentata dei sonetti di Rustico Filippi (1999), e studi sulla produzione dantesca pre-Commedia. Le sue ricerche vertono attualmente sulla stagione poetica stilnovista, sulle rime di Cino da Pistoia e sulla poesia di Cecco Angiolieri. Fa parte del comitato di direzione della rivista \u00abStudi di Filologia Italiana\u00bb, \u00e8 condirettore della rivista \u00abPer leggere\u00bb, e componente della redazione della rivista \u00abMedioevo Romanzo\u00bb<\/p>\n\n\n\n<p class=\"has-text-align-center\"><a><\/a> Elena Stefanelli<\/p>\n\n\n\n<p>Elena Stefanelli si \u00e8 laureata in Filologia moderna presso l\u2019Universit\u00e0 degli Studi di Siena (2012), dove ha conseguito il dottorato in Filologia romanza (2016).&nbsp;La sua tesi di dottorato ha vinto il Premio dell\u2019Accademia \u201cLa Colombaria\u201d (2018).&nbsp;\u00c8 stata assegnista di ricerca presso la Fondazione Ezio Franceschini di Firenze (2016-2018), l\u2019Universit\u00e0 degli Studi di Siena (2018-2020) e l\u2019Universit\u00e0 degli Studi di Firenze (2020-2021), docente a contratto presso l\u2019Universit\u00e0 per Stranieri di Siena (2019-2021).&nbsp;Si \u00e8 occupata di lirica italiana del Trecento e dei romanzi francesi di materia arturiana.&nbsp;Membro del&nbsp;\u00abGruppo<em>&nbsp;Guiron<\/em>\u00bb, ha curato l\u2019edizione critica della seconda parte del&nbsp;<em>Roman de Guiron&nbsp;<\/em>(Firenze, Edizioni del Galluzzo, 2020). Ha collaborato al progetto ERC&nbsp;<em>European Ars Nova<\/em> ed \u00e8 attualmente professoressa associata presso l\u2019Universit\u00e0 per Stranieri di Siena.<\/p>\n\n\n\n<div style=\"height:40px\" aria-hidden=\"true\" class=\"wp-block-spacer\"><\/div>\n\n\n\n<p><strong>Collaboratori<\/strong><\/p>\n\n\n\n<p>Lorenzo Amato, Tiziana Arvigo, Marco Berisso, Giuseppe Bonura, Giovanni Borriero, Maria Clotilde Camboni, Roberta Capelli, Agostino Casu, Silvia Chessa, Lucia Cuomo, Mauro De Socio, Elena Duso, Irene Falini, Sara Ferrilli, Francesca Gambino, Lorenzo Giglio, Matteo Giordani, Lauren Jennings, Claudio Lagomarsini, Leonardo Lenzi, Ute Limacher-Riebold, Cristiano Lorenzi, Andrea Menozzi, Daniele Merola, Nicola Morato, Viola Nardi, Teresa Nocita, Alessandro Pancheri, Davide Pettinari, Michele Piciocco, Valentina Pollidori (\u2020), Elisabetta Rossi, Lorenzo Sacchini, Giovanna Santini, Jacopo Tinti, Michelangelo Zaccarello, Enrico Zimei, Fabio Zinelli.<\/p>\n\n\n\n<div style=\"height:100px\" aria-hidden=\"true\" class=\"wp-block-spacer hideonSmartphone\"><\/div>\n","protected":false},"excerpt":{"rendered":"<p>Redazione Direttore: Lino Leonardi Lino Leonardi, formatosi a Firenze e a Padova, insegna Filologia romanza e italiana alla Scuola Normale Superiore di Pisa, dopo aver insegnato a Firenze, Pescara e Siena. Dal 2014 al 2018 ha diretto l\u2019Istituto CNR Opera del Vocabolario Italiano. Accademico della Crusca, \u00e8 direttore della Fondazione Ezio Franceschini. Si occupa soprattutto [&hellip;]<\/p>\n","protected":false},"author":1,"featured_media":0,"parent":0,"menu_order":0,"comment_status":"closed","ping_status":"closed","template":"page-templates\/contained-no-title.php","meta":{"footnotes":""},"class_list":["post-58","page","type-page","status-publish","hentry"],"yoast_head":"<!-- This site is optimized with the Yoast SEO plugin v27.2 - https:\/\/yoast.com\/product\/yoast-seo-wordpress\/ -->\n<title>Persone - LIO \u2013 Lirica Italiana delle Origini<\/title>\n<meta name=\"description\" content=\"Direttore: Lino LeonardiCoordinatrice: Irene TaniRedazione centrale:Benedetta Aldinucci, Anna Bettarini Bruni, Alessio Decaria, Giuseppe Marrani, Elena Stefanelli.\" \/>\n<meta name=\"robots\" content=\"index, follow, max-snippet:-1, max-image-preview:large, max-video-preview:-1\" \/>\n<link rel=\"canonical\" href=\"https:\/\/lio-liricaitalianaorigini.it\/index.php\/persone\/\" \/>\n<meta property=\"og:locale\" content=\"it_IT\" \/>\n<meta property=\"og:type\" content=\"article\" \/>\n<meta property=\"og:title\" content=\"Persone - LIO \u2013 Lirica Italiana delle Origini\" \/>\n<meta property=\"og:description\" content=\"Direttore: Lino LeonardiCoordinatrice: Irene TaniRedazione centrale:Benedetta Aldinucci, Anna Bettarini Bruni, Alessio Decaria, Giuseppe Marrani, Elena Stefanelli.\" \/>\n<meta property=\"og:url\" content=\"https:\/\/lio-liricaitalianaorigini.it\/index.php\/persone\/\" \/>\n<meta property=\"og:site_name\" content=\"LIO \u2013 Lirica Italiana delle Origini\" \/>\n<meta property=\"article:modified_time\" content=\"2025-10-16T12:10:07+00:00\" \/>\n<meta name=\"twitter:card\" content=\"summary_large_image\" \/>\n<meta name=\"twitter:label1\" content=\"Tempo di lettura stimato\" \/>\n\t<meta name=\"twitter:data1\" content=\"5 minuti\" \/>\n<script type=\"application\/ld+json\" class=\"yoast-schema-graph\">{\"@context\":\"https:\/\/schema.org\",\"@graph\":[{\"@type\":\"WebPage\",\"@id\":\"https:\/\/lio-liricaitalianaorigini.it\/index.php\/persone\/\",\"url\":\"https:\/\/lio-liricaitalianaorigini.it\/index.php\/persone\/\",\"name\":\"Persone - LIO \u2013 Lirica Italiana delle Origini\",\"isPartOf\":{\"@id\":\"https:\/\/lio-liricaitalianaorigini.it\/#website\"},\"datePublished\":\"2025-04-07T08:46:10+00:00\",\"dateModified\":\"2025-10-16T12:10:07+00:00\",\"description\":\"Direttore: Lino LeonardiCoordinatrice: Irene TaniRedazione centrale:Benedetta Aldinucci, Anna Bettarini Bruni, Alessio Decaria, Giuseppe Marrani, Elena Stefanelli.\",\"breadcrumb\":{\"@id\":\"https:\/\/lio-liricaitalianaorigini.it\/index.php\/persone\/#breadcrumb\"},\"inLanguage\":\"it-IT\",\"potentialAction\":[{\"@type\":\"ReadAction\",\"target\":[\"https:\/\/lio-liricaitalianaorigini.it\/index.php\/persone\/\"]}]},{\"@type\":\"BreadcrumbList\",\"@id\":\"https:\/\/lio-liricaitalianaorigini.it\/index.php\/persone\/#breadcrumb\",\"itemListElement\":[{\"@type\":\"ListItem\",\"position\":1,\"name\":\"Home\",\"item\":\"https:\/\/lio-liricaitalianaorigini.it\/\"},{\"@type\":\"ListItem\",\"position\":2,\"name\":\"Persone\"}]},{\"@type\":\"WebSite\",\"@id\":\"https:\/\/lio-liricaitalianaorigini.it\/#website\",\"url\":\"https:\/\/lio-liricaitalianaorigini.it\/\",\"name\":\"LIO \u2013 Lirica Italiana delle Origini\",\"description\":\"\",\"publisher\":{\"@id\":\"https:\/\/lio-liricaitalianaorigini.it\/#organization\"},\"potentialAction\":[{\"@type\":\"SearchAction\",\"target\":{\"@type\":\"EntryPoint\",\"urlTemplate\":\"https:\/\/lio-liricaitalianaorigini.it\/?s={search_term_string}\"},\"query-input\":{\"@type\":\"PropertyValueSpecification\",\"valueRequired\":true,\"valueName\":\"search_term_string\"}}],\"inLanguage\":\"it-IT\"},{\"@type\":\"Organization\",\"@id\":\"https:\/\/lio-liricaitalianaorigini.it\/#organization\",\"name\":\"LIO \u2013 Lirica Italiana delle Origini\",\"url\":\"https:\/\/lio-liricaitalianaorigini.it\/\",\"logo\":{\"@type\":\"ImageObject\",\"inLanguage\":\"it-IT\",\"@id\":\"https:\/\/lio-liricaitalianaorigini.it\/#\/schema\/logo\/image\/\",\"url\":\"https:\/\/lio-liricaitalianaorigini.it\/lio\/wp-content\/uploads\/2025\/04\/cropped-Logo_Lio_V4.png\",\"contentUrl\":\"https:\/\/lio-liricaitalianaorigini.it\/lio\/wp-content\/uploads\/2025\/04\/cropped-Logo_Lio_V4.png\",\"width\":1497,\"height\":824,\"caption\":\"LIO \u2013 Lirica Italiana delle Origini\"},\"image\":{\"@id\":\"https:\/\/lio-liricaitalianaorigini.it\/#\/schema\/logo\/image\/\"}}]}<\/script>\n<!-- \/ Yoast SEO plugin. -->","yoast_head_json":{"title":"Persone - LIO \u2013 Lirica Italiana delle Origini","description":"Direttore: Lino LeonardiCoordinatrice: Irene TaniRedazione centrale:Benedetta Aldinucci, Anna Bettarini Bruni, Alessio Decaria, Giuseppe Marrani, Elena Stefanelli.","robots":{"index":"index","follow":"follow","max-snippet":"max-snippet:-1","max-image-preview":"max-image-preview:large","max-video-preview":"max-video-preview:-1"},"canonical":"https:\/\/lio-liricaitalianaorigini.it\/index.php\/persone\/","og_locale":"it_IT","og_type":"article","og_title":"Persone - LIO \u2013 Lirica Italiana delle Origini","og_description":"Direttore: Lino LeonardiCoordinatrice: Irene TaniRedazione centrale:Benedetta Aldinucci, Anna Bettarini Bruni, Alessio Decaria, Giuseppe Marrani, Elena Stefanelli.","og_url":"https:\/\/lio-liricaitalianaorigini.it\/index.php\/persone\/","og_site_name":"LIO \u2013 Lirica Italiana delle Origini","article_modified_time":"2025-10-16T12:10:07+00:00","twitter_card":"summary_large_image","twitter_misc":{"Tempo di lettura stimato":"5 minuti"},"schema":{"@context":"https:\/\/schema.org","@graph":[{"@type":"WebPage","@id":"https:\/\/lio-liricaitalianaorigini.it\/index.php\/persone\/","url":"https:\/\/lio-liricaitalianaorigini.it\/index.php\/persone\/","name":"Persone - LIO \u2013 Lirica Italiana delle Origini","isPartOf":{"@id":"https:\/\/lio-liricaitalianaorigini.it\/#website"},"datePublished":"2025-04-07T08:46:10+00:00","dateModified":"2025-10-16T12:10:07+00:00","description":"Direttore: Lino LeonardiCoordinatrice: Irene TaniRedazione centrale:Benedetta Aldinucci, Anna Bettarini Bruni, Alessio Decaria, Giuseppe Marrani, Elena Stefanelli.","breadcrumb":{"@id":"https:\/\/lio-liricaitalianaorigini.it\/index.php\/persone\/#breadcrumb"},"inLanguage":"it-IT","potentialAction":[{"@type":"ReadAction","target":["https:\/\/lio-liricaitalianaorigini.it\/index.php\/persone\/"]}]},{"@type":"BreadcrumbList","@id":"https:\/\/lio-liricaitalianaorigini.it\/index.php\/persone\/#breadcrumb","itemListElement":[{"@type":"ListItem","position":1,"name":"Home","item":"https:\/\/lio-liricaitalianaorigini.it\/"},{"@type":"ListItem","position":2,"name":"Persone"}]},{"@type":"WebSite","@id":"https:\/\/lio-liricaitalianaorigini.it\/#website","url":"https:\/\/lio-liricaitalianaorigini.it\/","name":"LIO \u2013 Lirica Italiana delle Origini","description":"","publisher":{"@id":"https:\/\/lio-liricaitalianaorigini.it\/#organization"},"potentialAction":[{"@type":"SearchAction","target":{"@type":"EntryPoint","urlTemplate":"https:\/\/lio-liricaitalianaorigini.it\/?s={search_term_string}"},"query-input":{"@type":"PropertyValueSpecification","valueRequired":true,"valueName":"search_term_string"}}],"inLanguage":"it-IT"},{"@type":"Organization","@id":"https:\/\/lio-liricaitalianaorigini.it\/#organization","name":"LIO \u2013 Lirica Italiana delle Origini","url":"https:\/\/lio-liricaitalianaorigini.it\/","logo":{"@type":"ImageObject","inLanguage":"it-IT","@id":"https:\/\/lio-liricaitalianaorigini.it\/#\/schema\/logo\/image\/","url":"https:\/\/lio-liricaitalianaorigini.it\/lio\/wp-content\/uploads\/2025\/04\/cropped-Logo_Lio_V4.png","contentUrl":"https:\/\/lio-liricaitalianaorigini.it\/lio\/wp-content\/uploads\/2025\/04\/cropped-Logo_Lio_V4.png","width":1497,"height":824,"caption":"LIO \u2013 Lirica Italiana delle Origini"},"image":{"@id":"https:\/\/lio-liricaitalianaorigini.it\/#\/schema\/logo\/image\/"}}]}},"_links":{"self":[{"href":"https:\/\/lio-liricaitalianaorigini.it\/index.php\/wp-json\/wp\/v2\/pages\/58","targetHints":{"allow":["GET"]}}],"collection":[{"href":"https:\/\/lio-liricaitalianaorigini.it\/index.php\/wp-json\/wp\/v2\/pages"}],"about":[{"href":"https:\/\/lio-liricaitalianaorigini.it\/index.php\/wp-json\/wp\/v2\/types\/page"}],"author":[{"embeddable":true,"href":"https:\/\/lio-liricaitalianaorigini.it\/index.php\/wp-json\/wp\/v2\/users\/1"}],"replies":[{"embeddable":true,"href":"https:\/\/lio-liricaitalianaorigini.it\/index.php\/wp-json\/wp\/v2\/comments?post=58"}],"version-history":[{"count":7,"href":"https:\/\/lio-liricaitalianaorigini.it\/index.php\/wp-json\/wp\/v2\/pages\/58\/revisions"}],"predecessor-version":[{"id":331,"href":"https:\/\/lio-liricaitalianaorigini.it\/index.php\/wp-json\/wp\/v2\/pages\/58\/revisions\/331"}],"wp:attachment":[{"href":"https:\/\/lio-liricaitalianaorigini.it\/index.php\/wp-json\/wp\/v2\/media?parent=58"}],"curies":[{"name":"wp","href":"https:\/\/api.w.org\/{rel}","templated":true}]}} 